{"id":2715,"date":"2020-10-16T01:17:26","date_gmt":"2020-10-16T01:17:26","guid":{"rendered":"https:\/\/gandhi.is\/?page_id=2715"},"modified":"2022-11-24T13:05:36","modified_gmt":"2022-11-24T13:05:36","slug":"drykkir","status":"publish","type":"page","link":"https:\/\/gandhi.is\/?page_id=2715","title":{"rendered":"Drykkir"},"content":{"rendered":"<div class=\"fusion-fullwidth fullwidth-box fusion-builder-row-1 nonhundred-percent-fullwidth non-hundred-percent-height-scrolling\"  style='background-color: rgba(255,255,255,0);background-position: center center;background-repeat: no-repeat;padding-top:0px;padding-right:0px;padding-bottom:0px;padding-left:0px;'><div class=\"fusion-builder-row fusion-row \"><div  class=\"fusion-layout-column fusion_builder_column fusion_builder_column_1_2 fusion-builder-column-0 fusion-one-half fusion-column-first 1_2\"  style='margin-top:0px;margin-bottom:20px;width:50%;width:calc(50% - ( ( 4% ) * 0.5 ) );margin-right: 4%;'><div class=\"fusion-column-wrapper\" style=\"padding: 0px 0px 0px 0px;background-position:left top;background-repeat:no-repeat;-webkit-background-size:cover;-moz-background-size:cover;-o-background-size:cover;background-size:cover;\"   data-bg-url=\"\"><div class=\"fusion-text\"><h4>S\u00edg\u00edldir kokteilar<\/h4>\n<h5>MOSCOW MULE &#8211; 2190 kr<\/h5>\n<h5>APEROL SPRITZ &#8211; 2190 kr<\/h5>\n<h5>WHISKEY SOUR &#8211; 2390 kr<\/h5>\n<h5>DARK AND STORMY &#8211; 2390 kr<\/h5>\n<h5>COSMOPOLITAN &#8211; 2390 kr<\/h5>\n<h5>EXPRESSO MARTINI &#8211; 2390 kr<\/h5>\n<h5>MOHITO &#8211; 2390 kr<\/h5>\n<h5>TEST THE BARTENDER &#8211; 2490 kr<\/h5>\n<h4>Hanast\u00e9l H\u00fassins<\/h4>\n<h5>MAHAL MAHARANI &#8211; Vodka, Lychee, hindber og R\u00f3s &#8211; 2490 kr<\/h5>\n<h5>INDIAN MULE &#8211; Gin, Kirsuber, Kardamom og s\u00f3davatn &#8211; 2490 kr<\/h5>\n<h5>GHURKA GORILLA &#8211; Romm, Mang\u00f3, \u00e1straldin og engiferbj\u00f3r &#8211; 2490 kr<\/h5>\n<h5>DURBAR &#8211; Vodka, Grand mariner, Bl\u00f3\u00f0appels\u00edna og sykurs\u00edr\u00f3p &#8211; 2490 kr<\/h5>\n<h4>\u00d3\u00e1fengir kokteilar<\/h4>\n<h5>GINGER PUNCH &#8211; Engifer, s\u00edtr\u00f3na, sykurs\u00edr\u00f3p og s\u00f3davatn &#8211; 1290 kr<\/h5>\n<h5>JEERA NIMBU PAANI &#8211; K\u00famin, s\u00edtr\u00f3na, sykurs\u00edr\u00f3p, minta og s\u00f3davatn &#8211; 1290 kr<\/h5>\n<h5>MANGO LASSI &#8211; Mang\u00f3, J\u00f3g\u00fart, sykurs\u00edr\u00f3p og kardamom &#8211; 990 kr<\/h5>\n<h5>HERBAL MOJITO &#8211; Minta, g\u00farka, engifer, s\u00edtr\u00f3na, s\u00f3davatn og sykurs\u00edr\u00f3p &#8211; 1390 kr<\/h5>\n<h5>TEST THE BARTENDER &#8211; Ask for your favourite &#8211; 1390 kr<\/h5>\n<h4>KRANABJ\u00d3R 400 ml<\/h4>\n<h5>B\u00d3NDI &#8211; Session IPA &#8211; 1390 kr<\/h5>\n<h5>V\u00cdKING &#8211; Lager &#8211; 1390 kr<\/h5>\n<h5>GESTABJ\u00d3R &#8211; Guest beer &#8211; 1490 kr<\/h5>\n<h5><\/h5>\n<h4>FL\u00d6SKUBJ\u00d3R<\/h4>\n<h5>KINGFISHER 650ML &#8211; 1790 kr<\/h5>\n<h5>COBRA &#8211; 660ML &#8211; 1990 kr<\/h5>\n<h5>COBRA &#8211; 330ML &#8211; 1390 kr<\/h5>\n<h5>HEINEKEN &#8211; 330ML &#8211; 1190 kr<\/h5>\n<h5>VIKING LITE &#8211; 330ML &#8211; 1190 kr<\/h5>\n<h5>EINST\u00d6K PALE ALE &#8211; 330ML &#8211; 1290 kr<\/h5>\n<h5>CRABBIES GINGER BEER -330ML &#8211; 1290 kr<\/h5>\n<h5>CIDER 330ml &#8211; Ask waiter for options &#8211; 1290 kr<\/h5>\n<h4>Hv\u00edtv\u00edn<\/h4>\n<h5>Villa Lucia, Pinot Grigio &#8211; 6500 kr<br \/>\nChateau Haut Pougnan, Sauvignon Blanc &#8211; Bordeaux\/Frakkland &#8211; 7190 kr<br \/>\nChanson Pouilly-Fuisse, Chardonnay &#8211; Bourgogne\/Frakkland &#8211; 9680 kr<br \/>\nKloof Street, Chenin Blanc, Swartland\/Su\u00f0ur Afr\u00edka &#8211; 7990 kr<br \/>\nLoveblock Pinot Gris &#8211; Marlbourough\/N\u00fdja Sj\u00e1land &#8211; 8990 kr<br \/>\nBaigorri Blanco Fermentado en Barrica, Viura &#8211; Rioja\/Sp\u00e1nn &#8211; 9389 kr<br \/>\nFranck Millet Sancerra, Sauvignon Blacn &#8211; Loire Valley\/Frakkland &#8211; 8890 kr<br \/>\nBernard Defaix Chablis, Chardonnay &#8211; Bourgogne\/Frakkland &#8211; 11.890 kr<\/h5>\n<h5><\/h5>\n<h4>Rau\u00f0v\u00edn<\/h4>\n<h5>Poggio al Casone, Chianti Superiore &#8211; Toscana\/\u00cdtal\u00eda &#8211; 6500 kr<br \/>\nPaul Mas, Cabernet Sauvignon &#8211; Pezanas\/Frakkland &#8211; 7490 kr<br \/>\nPerrin Cotes du Rhone Villages, Grenache\/S\u00fdrland &#8211; 8790 kr<br \/>\nLas Moras Black Label, Malbec &#8211; San Juan\/Argent\u00edna &#8211; 7990 kr<br \/>\nPhillippe Le Hardi Bourgogne, Pinot Noir &#8211; Burgundy\/Frakkland -8890 kr<br \/>\nFaustino Crianza, Crianza &#8211; Rioja\/Sp\u00e1nn &#8211; 7490 kr<br \/>\nCampomaggio Chianti Classico, Sangiovese &#8211; Chianti\/\u00cdtal\u00eda &#8211; 9190 kr<br \/>\nPaul Jaboulet Les jalets, Syrah, Crozes Hermitage\/Frakkland &#8211; 8490 kr<br \/>\nJoel Gott, Cabernet Sauvignon, Napa valley\/California &#8211; 8650 kr<br \/>\nBodegas La Horra corimbo, Tempranillo &#8211; Ribera del Duero\/Sp\u00e1nn &#8211; 9490 kr<br \/>\nChanson Beaune Castion &#8211; Burgundy\/Frakkland &#8211; 12.890 kr<\/h5>\n<h4>R\u00f3sav\u00edn<\/h4>\n<h5>Cote mas, Rose aurore, Grenache &#8211; Languedoc\/Frakkland &#8211; 6590 kr<\/h5>\n<h4>Frey\u00f0iv\u00edn<\/h4>\n<h5>Villa Conchi, Cava Brut Seleccion, Paradella\/Macabeo\/Xarel-lo &#8211; Sp\u00e1nn &#8211; 7500 kr<br \/>\nTosti Prosecco Rose, Glera pinot Noir &#8211; Prosecco\/\u00cdtal\u00eda &#8211; 6500 kr<br \/>\nNino Franco Rustico Prosecco, Glera &#8211; Valdobbiadena\/\u00cdtal\u00eda &#8211; 7990 kr<\/h5>\n<h4>\u00d3\u00e1fengt<\/h4>\n<h5>COKE &#8211; 550 kr<br \/>\nCOKE ZERO &#8211; 550 kr<br \/>\nSPRITE &#8211; 550 kr<br \/>\nFANTA &#8211; 550 kr<br \/>\nICELANDIC GLACIAL WATER 330ml &#8211; 450 kr<br \/>\nTONIC &#8211; 450 kr<br \/>\nHEINIKEN 330ML 0% &#8211; 790 kr<\/h5>\n<h4>Kaffi<\/h4>\n<h5>AMERICANO &#8211; 550 kr<br \/>\nESPRESSO &#8211; 550 kr<br \/>\nCAPPUCCINO &#8211; 650 kr<br \/>\nESPRESSO MACCHIATO &#8211; 550 kr<br \/>\nCAFFE LATTE &#8211; 690 kr<br \/>\nTEA &#8211; 550 kr<br \/>\nINDIAN MASALA TEA &#8211; 690 kr<\/h5>\n<h4>Kaffi me\u00f0 \u00e1fengi<\/h4>\n<h5>IRISH COFFEE (Irish whiskey) &#8211; 1890 kr<br \/>\nROYAL COFFEE (Cognac) &#8211; 2190 kr<\/h5>\n<h4><\/h4>\n<\/div><div class=\"fusion-clearfix\"><\/div><\/div><\/div><\/div><\/div><style type=\"text\/css\">.fusion-fullwidth.fusion-builder-row-1 a:not(.fusion-button):not(.fusion-builder-module-control):not(.fusion-social-network-icon):not(.fb-icon-element):not(.fusion-countdown-link):not(.fusion-rollover-link):not(.fusion-rollover-gallery):not(.fusion-button-bar):not(.add_to_cart_button):not(.show_details_button):not(.product_type_external):not(.fusion-quick-view):not(.fusion-rollover-title-link):not(.fusion-breadcrumb-link) , .fusion-fullwidth.fusion-builder-row-1 a:not(.fusion-button):not(.fusion-builder-module-control):not(.fusion-social-network-icon):not(.fb-icon-element):not(.fusion-countdown-link):not(.fusion-rollover-link):not(.fusion-rollover-gallery):not(.fusion-button-bar):not(.add_to_cart_button):not(.show_details_button):not(.product_type_external):not(.fusion-quick-view):not(.fusion-rollover-title-link):not(.fusion-breadcrumb-link):before, .fusion-fullwidth.fusion-builder-row-1 a:not(.fusion-button):not(.fusion-builder-module-control):not(.fusion-social-network-icon):not(.fb-icon-element):not(.fusion-countdown-link):not(.fusion-rollover-link):not(.fusion-rollover-gallery):not(.fusion-button-bar):not(.add_to_cart_button):not(.show_details_button):not(.product_type_external):not(.fusion-quick-view):not(.fusion-rollover-title-link):not(.fusion-breadcrumb-link):after {color: #ffffff;}.fusion-fullwidth.fusion-builder-row-1 a:not(.fusion-button):not(.fusion-builder-module-control):not(.fusion-social-network-icon):not(.fb-icon-element):not(.fusion-countdown-link):not(.fusion-rollover-link):not(.fusion-rollover-gallery):not(.fusion-button-bar):not(.add_to_cart_button):not(.show_details_button):not(.product_type_external):not(.fusion-quick-view):not(.fusion-rollover-title-link):not(.fusion-breadcrumb-link):hover, .fusion-fullwidth.fusion-builder-row-1 a:not(.fusion-button):not(.fusion-builder-module-control):not(.fusion-social-network-icon):not(.fb-icon-element):not(.fusion-countdown-link):not(.fusion-rollover-link):not(.fusion-rollover-gallery):not(.fusion-button-bar):not(.add_to_cart_button):not(.show_details_button):not(.product_type_external):not(.fusion-quick-view):not(.fusion-rollover-title-link):not(.fusion-breadcrumb-link):hover:before, .fusion-fullwidth.fusion-builder-row-1 a:not(.fusion-button):not(.fusion-builder-module-control):not(.fusion-social-network-icon):not(.fb-icon-element):not(.fusion-countdown-link):not(.fusion-rollover-link):not(.fusion-rollover-gallery):not(.fusion-button-bar):not(.add_to_cart_button):not(.show_details_button):not(.product_type_external):not(.fusion-quick-view):not(.fusion-rollover-title-link):not(.fusion-breadcrumb-link):hover:after {color: #c0996b;}.fusion-fullwidth.fusion-builder-row-1 .pagination a.inactive:hover, .fusion-fullwidth.fusion-builder-row-1 .fusion-filters .fusion-filter.fusion-active a {border-color: #c0996b;}.fusion-fullwidth.fusion-builder-row-1 .pagination .current {border-color: #c0996b; background-color: #c0996b;}.fusion-fullwidth.fusion-builder-row-1 .fusion-filters .fusion-filter.fusion-active a, .fusion-fullwidth.fusion-builder-row-1 .fusion-date-and-formats .fusion-format-box, .fusion-fullwidth.fusion-builder-row-1 .fusion-popover, .fusion-fullwidth.fusion-builder-row-1 .tooltip-shortcode {color: #c0996b;}#main .fusion-fullwidth.fusion-builder-row-1 .post .blog-shortcode-post-title a:hover {color: #c0996b;}<\/style>\n","protected":false},"excerpt":{"rendered":"","protected":false},"author":6,"featured_media":0,"parent":0,"menu_order":0,"comment_status":"closed","ping_status":"closed","template":"","meta":{"footnotes":""},"class_list":["post-2715","page","type-page","status-publish","hentry"],"yoast_head":"<!-- This site is optimized with the Yoast SEO plugin v26.5 - https:\/\/yoast.com\/wordpress\/plugins\/seo\/ -->\n<title>Drykkir - Gandhi restaurant and bar<\/title>\n<meta name=\"robots\" content=\"index, follow, max-snippet:-1, max-image-preview:large, max-video-preview:-1\" \/>\n<link rel=\"canonical\" href=\"https:\/\/gandhi.is\/?page_id=2715\" \/>\n<meta property=\"og:locale\" content=\"is_IS\" \/>\n<meta property=\"og:type\" content=\"article\" \/>\n<meta property=\"og:title\" content=\"Drykkir - Gandhi restaurant and bar\" \/>\n<meta property=\"og:url\" content=\"https:\/\/gandhi.is\/?page_id=2715\" \/>\n<meta property=\"og:site_name\" content=\"Gandhi restaurant and bar\" \/>\n<meta property=\"article:publisher\" content=\"https:\/\/www.facebook.com\/gandhirestaurant\/\" \/>\n<meta property=\"article:modified_time\" content=\"2022-11-24T13:05:36+00:00\" \/>\n<meta name=\"twitter:card\" content=\"summary_large_image\" \/>\n<meta name=\"twitter:site\" content=\"@GandhiIceland\" \/>\n<meta name=\"twitter:label1\" content=\"Est. reading time\" \/>\n\t<meta name=\"twitter:data1\" content=\"5 minutes\" \/>\n<script type=\"application\/ld+json\" class=\"yoast-schema-graph\">{\"@context\":\"https:\/\/schema.org\",\"@graph\":[{\"@type\":\"WebPage\",\"@id\":\"https:\/\/gandhi.is\/?page_id=2715\",\"url\":\"https:\/\/gandhi.is\/?page_id=2715\",\"name\":\"Drykkir - Gandhi restaurant and bar\",\"isPartOf\":{\"@id\":\"https:\/\/gandhi.is\/#website\"},\"datePublished\":\"2020-10-16T01:17:26+00:00\",\"dateModified\":\"2022-11-24T13:05:36+00:00\",\"breadcrumb\":{\"@id\":\"https:\/\/gandhi.is\/?page_id=2715#breadcrumb\"},\"inLanguage\":\"is\",\"potentialAction\":[{\"@type\":\"ReadAction\",\"target\":[\"https:\/\/gandhi.is\/?page_id=2715\"]}]},{\"@type\":\"BreadcrumbList\",\"@id\":\"https:\/\/gandhi.is\/?page_id=2715#breadcrumb\",\"itemListElement\":[{\"@type\":\"ListItem\",\"position\":1,\"name\":\"Home\",\"item\":\"https:\/\/gandhi.is\/\"},{\"@type\":\"ListItem\",\"position\":2,\"name\":\"Drykkir\"}]},{\"@type\":\"WebSite\",\"@id\":\"https:\/\/gandhi.is\/#website\",\"url\":\"https:\/\/gandhi.is\/\",\"name\":\"Gandhi restaurant\",\"description\":\"Authentic Indian food in a romantic setting in the heart of Reykjav\u00edk\",\"publisher\":{\"@id\":\"https:\/\/gandhi.is\/#organization\"},\"potentialAction\":[{\"@type\":\"SearchAction\",\"target\":{\"@type\":\"EntryPoint\",\"urlTemplate\":\"https:\/\/gandhi.is\/?s={search_term_string}\"},\"query-input\":{\"@type\":\"PropertyValueSpecification\",\"valueRequired\":true,\"valueName\":\"search_term_string\"}}],\"inLanguage\":\"is\"},{\"@type\":\"Organization\",\"@id\":\"https:\/\/gandhi.is\/#organization\",\"name\":\"Gandhi Restaurant\",\"url\":\"https:\/\/gandhi.is\/\",\"logo\":{\"@type\":\"ImageObject\",\"inLanguage\":\"is\",\"@id\":\"https:\/\/gandhi.is\/#\/schema\/logo\/image\/\",\"url\":\"https:\/\/gandhi.is\/wp-content\/uploads\/2019\/03\/gandhi-logo@2x.jpg\",\"contentUrl\":\"https:\/\/gandhi.is\/wp-content\/uploads\/2019\/03\/gandhi-logo@2x.jpg\",\"width\":256,\"height\":195,\"caption\":\"Gandhi Restaurant\"},\"image\":{\"@id\":\"https:\/\/gandhi.is\/#\/schema\/logo\/image\/\"},\"sameAs\":[\"https:\/\/www.facebook.com\/gandhirestaurant\/\",\"https:\/\/x.com\/GandhiIceland\",\"https:\/\/www.instagram.com\/gandhi.indian.restaurant\/?hl=en\"]}]}<\/script>\n<!-- \/ Yoast SEO plugin. -->","yoast_head_json":{"title":"Drykkir - Gandhi restaurant and bar","robots":{"index":"index","follow":"follow","max-snippet":"max-snippet:-1","max-image-preview":"max-image-preview:large","max-video-preview":"max-video-preview:-1"},"canonical":"https:\/\/gandhi.is\/?page_id=2715","og_locale":"is_IS","og_type":"article","og_title":"Drykkir - Gandhi restaurant and bar","og_url":"https:\/\/gandhi.is\/?page_id=2715","og_site_name":"Gandhi restaurant and bar","article_publisher":"https:\/\/www.facebook.com\/gandhirestaurant\/","article_modified_time":"2022-11-24T13:05:36+00:00","twitter_card":"summary_large_image","twitter_site":"@GandhiIceland","twitter_misc":{"Est. reading time":"5 minutes"},"schema":{"@context":"https:\/\/schema.org","@graph":[{"@type":"WebPage","@id":"https:\/\/gandhi.is\/?page_id=2715","url":"https:\/\/gandhi.is\/?page_id=2715","name":"Drykkir - Gandhi restaurant and bar","isPartOf":{"@id":"https:\/\/gandhi.is\/#website"},"datePublished":"2020-10-16T01:17:26+00:00","dateModified":"2022-11-24T13:05:36+00:00","breadcrumb":{"@id":"https:\/\/gandhi.is\/?page_id=2715#breadcrumb"},"inLanguage":"is","potentialAction":[{"@type":"ReadAction","target":["https:\/\/gandhi.is\/?page_id=2715"]}]},{"@type":"BreadcrumbList","@id":"https:\/\/gandhi.is\/?page_id=2715#breadcrumb","itemListElement":[{"@type":"ListItem","position":1,"name":"Home","item":"https:\/\/gandhi.is\/"},{"@type":"ListItem","position":2,"name":"Drykkir"}]},{"@type":"WebSite","@id":"https:\/\/gandhi.is\/#website","url":"https:\/\/gandhi.is\/","name":"Gandhi restaurant","description":"Authentic Indian food in a romantic setting in the heart of Reykjav\u00edk","publisher":{"@id":"https:\/\/gandhi.is\/#organization"},"potentialAction":[{"@type":"SearchAction","target":{"@type":"EntryPoint","urlTemplate":"https:\/\/gandhi.is\/?s={search_term_string}"},"query-input":{"@type":"PropertyValueSpecification","valueRequired":true,"valueName":"search_term_string"}}],"inLanguage":"is"},{"@type":"Organization","@id":"https:\/\/gandhi.is\/#organization","name":"Gandhi Restaurant","url":"https:\/\/gandhi.is\/","logo":{"@type":"ImageObject","inLanguage":"is","@id":"https:\/\/gandhi.is\/#\/schema\/logo\/image\/","url":"https:\/\/gandhi.is\/wp-content\/uploads\/2019\/03\/gandhi-logo@2x.jpg","contentUrl":"https:\/\/gandhi.is\/wp-content\/uploads\/2019\/03\/gandhi-logo@2x.jpg","width":256,"height":195,"caption":"Gandhi Restaurant"},"image":{"@id":"https:\/\/gandhi.is\/#\/schema\/logo\/image\/"},"sameAs":["https:\/\/www.facebook.com\/gandhirestaurant\/","https:\/\/x.com\/GandhiIceland","https:\/\/www.instagram.com\/gandhi.indian.restaurant\/?hl=en"]}]}},"_links":{"self":[{"href":"https:\/\/gandhi.is\/index.php?rest_route=\/wp\/v2\/pages\/2715","targetHints":{"allow":["GET"]}}],"collection":[{"href":"https:\/\/gandhi.is\/index.php?rest_route=\/wp\/v2\/pages"}],"about":[{"href":"https:\/\/gandhi.is\/index.php?rest_route=\/wp\/v2\/types\/page"}],"author":[{"embeddable":true,"href":"https:\/\/gandhi.is\/index.php?rest_route=\/wp\/v2\/users\/6"}],"replies":[{"embeddable":true,"href":"https:\/\/gandhi.is\/index.php?rest_route=%2Fwp%2Fv2%2Fcomments&post=2715"}],"version-history":[{"count":9,"href":"https:\/\/gandhi.is\/index.php?rest_route=\/wp\/v2\/pages\/2715\/revisions"}],"predecessor-version":[{"id":3269,"href":"https:\/\/gandhi.is\/index.php?rest_route=\/wp\/v2\/pages\/2715\/revisions\/3269"}],"wp:attachment":[{"href":"https:\/\/gandhi.is\/index.php?rest_route=%2Fwp%2Fv2%2Fmedia&parent=2715"}],"curies":[{"name":"wp","href":"https:\/\/api.w.org\/{rel}","templated":true}]}}